{"id":389,"date":"2025-01-21T20:55:17","date_gmt":"2025-01-21T20:55:17","guid":{"rendered":"https:\/\/sabahattindestek.com\/hakkimizda\/"},"modified":"2025-06-19T19:47:03","modified_gmt":"2025-06-19T19:47:03","slug":"hakkimizda","status":"publish","type":"page","link":"https:\/\/sabahattindestek.com\/en\/hakkimizda\/","title":{"rendered":"Hakk\u0131m\u0131zda"},"content":{"rendered":"\n\n\t<section class=\"section\" id=\"section_521038713\">\n\t\t<div class=\"section-bg fill\" >\n\t\t\t\t\t\t\t\t\t\n\t\t\t\n\n\t\t<\/div>\n\n\t\t\n\n\t\t<div class=\"section-content relative\">\n\t\t\t\n\n<div class=\"row\"  id=\"row-860367473\">\n\n\n\t<div id=\"col-510805980\" class=\"col medium-5 small-12 large-5\"  >\n\t\t\t\t<div class=\"col-inner\"  >\n\t\t\t\n\t\t\t\n\n\n  <div class=\"banner has-hover\" id=\"banner-64421183\">\n          <div class=\"banner-inner fill\">\n        <div class=\"banner-bg fill\" >\n            <img loading=\"lazy\" decoding=\"async\" width=\"1280\" height=\"853\" src=\"https:\/\/sabahattindestek.com\/wp-content\/uploads\/2025\/03\/sabahttin-destek-hero-1-1.jpg\" class=\"bg attachment-original size-original\" alt=\"\" \/>                                    \n                    <\/div>\n\t\t\n        <div class=\"banner-layers container\">\n            <div class=\"fill banner-link\"><\/div>            \n\n\n        <\/div>\n      <\/div>\n\n            \n<style>\n#banner-64421183 {\n  padding-top: 400px;\n  background-color: rgb(255, 255, 255);\n}\n#banner-64421183 .banner-bg img {\n  object-position: 45% 50%;\n}\n@media (min-width:550px) {\n  #banner-64421183 {\n    padding-top: 600px;\n  }\n}\n<\/style>\n  <\/div>\n\n\n\n\t\t<\/div>\n\t\t\t\t\t<\/div>\n\n\t\n\n\t<div id=\"col-1298257028\" class=\"col medium-7 small-12 large-7\"  >\n\t\t\t\t<div class=\"col-inner\"  >\n\t\t\t\n\t\t\t\n\n\t<div id=\"text-1533007796\" class=\"text\">\n\t\t\n\n<h3>Prof. Dr. Sabahattin Destek<\/h3>\n\t\t\n<style>\n#text-1533007796 {\n  font-size: 1.5rem;\n  line-height: 0.75;\n}\n<\/style>\n\t<\/div>\n\t\n<p><strong>1977 y\u0131l\u0131nda Giresun\u2019un Alucra il\u00e7esinde do\u011fan Prof. Dr. Sabahattin Destek, akademik kariyeri, sivil toplum faaliyetleri ve yenilik\u00e7i giri\u015fimleriyle tan\u0131nan bir isimdir.<br \/><\/strong><\/p>\n<p>\u0130lk ve orta \u00f6\u011frenimini Alucra\u2019da tamamlayan Destek, t\u0131p e\u011fitimini Atat\u00fcrk \u00dcniversitesi T\u0131p Fak\u00fcltesi\u2019nde tamamlam\u0131\u015f; uzmanl\u0131k e\u011fitimini ise 2003-2008 y\u0131llar\u0131 aras\u0131nda \u0130stanbul \u00c7apa T\u0131p Fak\u00fcltesi Genel Cerrahi B\u00f6l\u00fcm\u00fc\u2019nde yapm\u0131\u015ft\u0131r. Akademik ve profesyonel kariyerindeki ba\u015far\u0131lar\u0131n\u0131, sivil toplum ve sosyal sorumluluk alanlar\u0131ndaki \u00e7al\u0131\u015fmalar\u0131yla birle\u015ftiren Destek, \u015fu anda hem akademik hem de klinik \u00e7al\u0131\u015fmalar\u0131n\u0131 \u0130stanbul\u2019da s\u00fcrd\u00fcrmektedir.<\/p>\n<p>2008 y\u0131l\u0131nda ihtisas\u0131n\u0131 tamamlad\u0131ktan sonra Van Er\u00e7i\u015f Devlet Hastanesi\u2019nde zorunlu hizmetine ba\u015flayan Destek, burada iki y\u0131l ba\u015fhekimlik yapm\u0131\u015f ve idari yetkinlik kazanm\u0131\u015ft\u0131r. Daha sonra \u0130stanbul Tuzla Hastanesi\u2019nde \u00f6zel \u00e7al\u0131\u015fmalar y\u00fcr\u00fctm\u00fc\u015f, 2016 y\u0131l\u0131nda Bezmialem Vak\u0131f \u00dcniversitesi T\u0131p Fak\u00fcltesi Genel Cerrahi Ana Bilim Dal\u0131\u2019nda akademik kariyerine devam etmi\u015ftir. Burada 2020 y\u0131l\u0131nda do\u00e7entlik unvan\u0131 alm\u0131\u015f; 2020-2023 y\u0131llar\u0131nda ise Sancaktepe \u015eehit Prof. Dr. \u0130lhan Varank E\u011fitim ve Ara\u015ft\u0131rma Hastanesi\u2019nde klinik idari sorumluluk g\u00f6revini \u00fcslenmi\u015ftir.<\/p>\n<p>Prof. Dr. Sabahattin Destek, doktora e\u011fitimine Bezmialem Vak\u0131f \u00dcniversitesi Gastroenteroloji Enstit\u00fcs\u00fc\u2019nde Gastroenteroloji ve Hepotoloji doktora e\u011fitimini tamamlam\u0131\u015ft\u0131r.\u00a0<\/p>\n<p>2023 y\u0131l\u0131ndan itibaren \u00d6zel T\u00fcrkiye Hastanesi\u2019nde ve Atak\u00f6y Medicana Hastanesi\u2019nde hastalar\u0131n\u0131 kabul etmektedir. 02.06 2025 tarihinde \u00dcsk\u00fcdar \u00dcniversitesi T\u0131p Fak\u00fcltesi Genel Cerrahi Anabilim Dal\u0131nda Profes\u00f6r Dr unvan\u0131 ile akademisyen olarak \u00e7al\u0131\u015fmaya ba\u015flam\u0131\u015ft\u0131r.<\/p>\n<p>\u00dcsk\u00fcdar \u00dcniversitesi T\u0131p Fak\u00fcltesi\u2019nde \u00f6\u011frenci yeti\u015ftirmeye devam etmektedir. Genel cerrahi alan\u0131nda yurt i\u00e7i ve yurtd\u0131\u015f\u0131 bir\u00e7ok konferanslar ve t\u0131bbi yay\u0131nlar yay\u0131nlamaya devam etmektedir. \u00c7e\u015fitli yurt i\u00e7i ve d\u0131\u015f\u0131 t\u0131p dergilerinde de hakemlik yapmaktad\u0131r.<\/p>\n<p>Laparaskopik Cerrahi Sertifikas\u0131, Obezite Cerrahi Sertifikas\u0131, Endoskopi Yapma Sertifikas\u0131, Fitoterapi GETAT Uzmanl\u0131\u011f\u0131 Sertifikas\u0131, \u0130\u015f Yeri Hekimli\u011fi Sertifikas\u0131, Estetik (Botoks, Dolgu, Mezoterapi, \u0130p ask\u0131) i\u015flemlerde kat\u0131l\u0131m belgeleri mevcuttur.<\/p>\n<p>Prof. Dr. Destek, mesleki ve toplumsal s\u00fcre\u00e7lerde aktif bir rol \u00fcstlenmektedir. \u0130stanbul Tabip Odas\u0131, Europan Association for Endoscopic Surgery, T\u00fcrk Cerrahi Derne\u011fi, T\u00fcrk Kolon Rektum Cerrahisi Derne\u011fi gibi bilimsel topluluklar\u0131n \u00fcyesi olan Destek, ayn\u0131 zamanda American Association of Clinical Endocrinology\u2019de \u00fcyelik yapm\u0131\u015ft\u0131r.<\/p>\n<p>Bunun yan\u0131 s\u0131ra, Alucra Kalk\u0131nma ve E\u011fitim Vakf\u0131, Karadeniz Sivil Toplum Kurulu\u015flar\u0131 Konfederasyonu ve Ata\u015fehir Giresunlular Sosyal Yard\u0131mla\u015fma ve Dayan\u0131\u015fma Derne\u011fi gibi bir\u00e7ok STK\u2019da g\u00f6rev almaktad\u0131r. Giresunlu Hekimler ve Sa\u011fl\u0131k \u00c7al\u0131\u015fanlar\u0131 Derne\u011fi (G\u0130HSAD)\u2019in kurucu ba\u015fkanl\u0131\u011f\u0131 ve genel ba\u015fkanl\u0131\u011f\u0131 g\u00f6revlerini de s\u00fcrd\u00fcrmektedir. Ayr\u0131ca kendisi Beyoglu Kent Konseyi y\u00f6netim kurulu \u00fcyesidir.<\/p>\n\n\t\t<\/div>\n\t\t\t\t\n<style>\n#col-1298257028 > .col-inner {\n  padding: 0px 1% 0px 1%;\n}\n@media (min-width:550px) {\n  #col-1298257028 > .col-inner {\n    padding: 0px 2% 0px 2%;\n  }\n}\n@media (min-width:850px) {\n  #col-1298257028 > .col-inner {\n    padding: 0px 0px 0px 10%;\n  }\n}\n<\/style>\n\t<\/div>\n\n\t\n\n<\/div>\n\n\t\t<\/div>\n\n\t\t\n<style>\n#section_521038713 {\n  padding-top: 30px;\n  padding-bottom: 30px;\n}\n<\/style>\n\t<\/section>\n\t\n\n\t<section class=\"section dark\" id=\"section_371688878\">\n\t\t<div class=\"section-bg fill\" >\n\t\t\t\t\t\t\t\t\t\n\t\t\t\n\n\t\t<\/div>\n\n\t\t\n\n\t\t<div class=\"section-content relative\">\n\t\t\t\n\n<div class=\"row align-center\"  id=\"row-638366689\">\n\n\n\t<div id=\"col-1532184541\" class=\"col medium-9 small-12 large-7\"  >\n\t\t\t\t<div class=\"col-inner text-center\"  >\n\t\t\t\n\t\t\t\n\n\t<div id=\"gap-1160084069\" class=\"gap-element clearfix\" style=\"display:block; height:auto;\">\n\t\t\n<style>\n#gap-1160084069 {\n  padding-top: 50px;\n}\n@media (min-width:550px) {\n  #gap-1160084069 {\n    padding-top: 30px;\n  }\n}\n<\/style>\n\t<\/div>\n\t\n\n\t<div id=\"text-607694264\" class=\"text\">\n\t\t\n\n<h3>Do\u00e7. Dr. Sabahattin Destek Kimdir?<br \/>\n <\/h3>\n\t\t\n<style>\n#text-607694264 {\n  font-size: 1.5rem;\n  line-height: 1.25;\n}\n<\/style>\n\t<\/div>\n\t\n\t<div id=\"gap-2025357329\" class=\"gap-element clearfix\" style=\"display:block; height:auto;\">\n\t\t\n<style>\n#gap-2025357329 {\n  padding-top: 15px;\n}\n<\/style>\n\t<\/div>\n\t\n\n<div class=\"video video-fit mb\" style=\"padding-top:50%;\"><iframe loading=\"lazy\" title=\"DO\u00c7. DR. SABAHATT\u0130N DESTEK K\u0130MD\u0130R?\" width=\"1020\" height=\"574\" src=\"https:\/\/www.youtube.com\/embed\/NZfhPGjOKkI?feature=oembed\" frameborder=\"0\" allow=\"accelerometer; autoplay; clipboard-write; encrypted-media; gyroscope; picture-in-picture; web-share\" referrerpolicy=\"strict-origin-when-cross-origin\" allowfullscreen><\/iframe><\/div>\n\n\n\t\t<\/div>\n\t\t\t\t\t<\/div>\n\n\t\n\n<\/div>\n\n\t\t<\/div>\n\n\t\t\n<style>\n#section_371688878 {\n  padding-top: 50px;\n  padding-bottom: 50px;\n  background-color: rgb(61, 88, 85);\n}\n@media (min-width:550px) {\n  #section_371688878 {\n    padding-top: 50px;\n    padding-bottom: 50px;\n  }\n}\n@media (min-width:850px) {\n  #section_371688878 {\n    padding-top: 95px;\n    padding-bottom: 95px;\n  }\n}\n<\/style>\n\t<\/section>\n\t\n\n","protected":false},"excerpt":{"rendered":"","protected":false},"author":1,"featured_media":0,"parent":0,"menu_order":0,"comment_status":"closed","ping_status":"closed","template":"page-blank.php","meta":{"footnotes":""},"class_list":["post-389","page","type-page","status-publish","hentry"],"_links":{"self":[{"href":"https:\/\/sabahattindestek.com\/en\/wp-json\/wp\/v2\/pages\/389","targetHints":{"allow":["GET"]}}],"collection":[{"href":"https:\/\/sabahattindestek.com\/en\/wp-json\/wp\/v2\/pages"}],"about":[{"href":"https:\/\/sabahattindestek.com\/en\/wp-json\/wp\/v2\/types\/page"}],"author":[{"embeddable":true,"href":"https:\/\/sabahattindestek.com\/en\/wp-json\/wp\/v2\/users\/1"}],"replies":[{"embeddable":true,"href":"https:\/\/sabahattindestek.com\/en\/wp-json\/wp\/v2\/comments?post=389"}],"version-history":[{"count":15,"href":"https:\/\/sabahattindestek.com\/en\/wp-json\/wp\/v2\/pages\/389\/revisions"}],"predecessor-version":[{"id":537,"href":"https:\/\/sabahattindestek.com\/en\/wp-json\/wp\/v2\/pages\/389\/revisions\/537"}],"wp:attachment":[{"href":"https:\/\/sabahattindestek.com\/en\/wp-json\/wp\/v2\/media?parent=389"}],"curies":[{"name":"wp","href":"https:\/\/api.w.org\/{rel}","templated":true}]}}